{"id":497,"date":"2022-06-20T10:45:26","date_gmt":"2022-06-20T15:45:26","guid":{"rendered":"http:\/\/charles-brunson-agency.three.zysites.com\/about-us\/"},"modified":"2024-02-02T08:22:33","modified_gmt":"2024-02-02T14:22:33","slug":"about-us","status":"publish","type":"page","link":"https:\/\/www.charlesbrunsonagency.com\/es\/about-us\/","title":{"rendered":"Sobre nosotros"},"content":{"rendered":"<p data-ada-original-font-size=\"16\" data-ada-original-font-weight=\"400\" data-ada-not-tabbable=\"true\">Como agencia de seguros de propiedad y operaci\u00f3n local en Winston-Salem, Carolina del Norte, la Agencia Charles C. Brunson se compromete a brindar productos de seguros de calidad para individuos y empresas. Combinamos nuestra s\u00f3lida experiencia en seguros y conocimiento de productos para ayudar a los clientes actuales y futuros a gestionar y planificar todo tipo de riesgos potenciales.<\/p>\n<p data-ada-original-font-size=\"16\" data-ada-original-font-weight=\"400\" data-ada-not-tabbable=\"true\">Nuestro equipo de profesionales de seguros expertos tiene experiencia en la creaci\u00f3n de p\u00f3lizas de seguro personales y comerciales dise\u00f1adas para satisfacer sus necesidades. En la Agencia Charles C. Brunson, nuestro amable personal trabajar\u00e1 con usted de forma personalizada para desarrollar no s\u00f3lo la p\u00f3liza perfecta, sino tambi\u00e9n una relaci\u00f3n duradera.<\/p>\n<p data-ada-original-font-size=\"16\" data-ada-original-font-weight=\"400\" data-ada-not-tabbable=\"true\">Cuando trabaje con la Agencia Charles C. Brunson, experimentar\u00e1 un servicio excepcional y una atenci\u00f3n al detalle que solo puede encontrar en una agencia de seguros independiente local.<\/p>\n","protected":false},"excerpt":{"rendered":"<p>Como agencia de seguros de propiedad y operaci\u00f3n local en Winston-Salem, Carolina del Norte, la Agencia Charles C. Brunson se compromete a brindar productos de seguros de calidad para individuos y empresas. Combinamos nuestra s\u00f3lida experiencia en seguros y conocimiento de productos para ayudar a los clientes actuales y futuros a gestionar y planificar todo [&hellip;]<\/p>\n","protected":false},"author":35,"featured_media":0,"parent":0,"menu_order":0,"comment_status":"closed","ping_status":"closed","template":"","meta":{"_acf_changed":false,"_seopress_robots_primary_cat":null,"_seopress_titles_title":"","_seopress_titles_desc":"","_seopress_robots_index":"","_analytify_skip_tracking":false,"footnotes":""},"class_list":["post-497","page","type-page","status-publish","hentry"],"acf":[],"_links":{"self":[{"href":"https:\/\/www.charlesbrunsonagency.com\/es\/wp-json\/wp\/v2\/pages\/497","targetHints":{"allow":["GET"]}}],"collection":[{"href":"https:\/\/www.charlesbrunsonagency.com\/es\/wp-json\/wp\/v2\/pages"}],"about":[{"href":"https:\/\/www.charlesbrunsonagency.com\/es\/wp-json\/wp\/v2\/types\/page"}],"author":[{"embeddable":true,"href":"https:\/\/www.charlesbrunsonagency.com\/es\/wp-json\/wp\/v2\/users\/35"}],"replies":[{"embeddable":true,"href":"https:\/\/www.charlesbrunsonagency.com\/es\/wp-json\/wp\/v2\/comments?post=497"}],"version-history":[{"count":0,"href":"https:\/\/www.charlesbrunsonagency.com\/es\/wp-json\/wp\/v2\/pages\/497\/revisions"}],"wp:attachment":[{"href":"https:\/\/www.charlesbrunsonagency.com\/es\/wp-json\/wp\/v2\/media?parent=497"}],"curies":[{"name":"wp","href":"https:\/\/api.w.org\/{rel}","templated":true}]}}